{"id":2920,"date":"2015-01-17T16:27:21","date_gmt":"2015-01-17T14:27:21","guid":{"rendered":"http:\/\/www.mateub.com\/le-blog-des-grosses-bites\/?page_id=2920"},"modified":"2018-11-14T20:42:13","modified_gmt":"2018-11-14T18:42:13","slug":"video-porno-gay-18-19-ans","status":"publish","type":"page","link":"http:\/\/www.mateub.com\/le-blog-des-grosses-bites\/video-porno-gay-18-19-ans\/","title":{"rendered":"18 \/19 ans"},"content":{"rendered":"<p>Des jeunes  mecs de 18 \/ 19 ans tournent leur premi\u00e8res vid\u00e9os porno gay. Ils enfilent une <a href=\"https:\/\/www.sexeshopgay.com\/12-preservatifs-crazy-monkey-x-large-gout-fraise-p.html\" rel=\"noopener\" target=\"_blank\">capote r\u00e9sistante mais fine \u00e0 la fraise<\/a> d\u00e9gainent le gel et s&rsquo;introduisent dans le cul de leur partenaire ! Ils savent d\u00e9j\u00e0 y faire les petits coquins ! Ils sont d\u00e9j\u00e0 tr\u00e8s dou\u00e9 et aiment le sexe. Des vid\u00e9os hyper bandante de minet \u00e0 t\u00e9l\u00e9charger sur ton pc ton iphone et ton mobile android .<\/p>\n<p><iframe loading=\"lazy\" src=\"http:\/\/www.smartmovies.net\/mb\/d34639\/videos\/130-gays\" width=\"650\" height=\"3480\" scrolling=\"auto\"><\/iframe><\/p>\n","protected":false},"excerpt":{"rendered":"<p>Des jeunes mecs de 18 \/ 19 ans tournent leur premi\u00e8res vid\u00e9os porno gay. Ils enfilent une capote r\u00e9sistante mais fine \u00e0 la fraise d\u00e9gainent le gel et s&rsquo;introduisent dans le cul de leur partenaire ! Ils savent d\u00e9j\u00e0 y faire les petits coquins ! Ils sont d\u00e9j\u00e0 tr\u00e8s dou\u00e9 et aiment le sexe. Des &hellip; <\/p>\n<p class=\"link-more\"><a href=\"http:\/\/www.mateub.com\/le-blog-des-grosses-bites\/video-porno-gay-18-19-ans\/\" class=\"more-link\">Continuer la lecture <span class=\"screen-reader-text\"> \u00ab\u00a018 \/19 ans\u00a0\u00bb<\/span><\/a><\/p>\n","protected":false},"author":4,"featured_media":0,"parent":0,"menu_order":8,"comment_status":"closed","ping_status":"closed","template":"","meta":{"footnotes":""},"class_list":["post-2920","page","type-page","status-publish","hentry","entry"],"yoast_head":"<!-- This site is optimized with the Yoast SEO plugin v27.5 - https:\/\/yoast.com\/product\/yoast-seo-wordpress\/ -->\n<title>18 \/19 ans | Le blog photos des grosses bites sur Ma teub<\/title>\n<meta name=\"robots\" content=\"index, follow, max-snippet:-1, max-image-preview:large, max-video-preview:-1\" \/>\n<link rel=\"canonical\" href=\"http:\/\/www.mateub.com\/le-blog-des-grosses-bites\/video-porno-gay-18-19-ans\/\" \/>\n<meta property=\"og:locale\" content=\"fr_FR\" \/>\n<meta property=\"og:type\" content=\"article\" \/>\n<meta property=\"og:title\" content=\"18 \/19 ans | Le blog photos des grosses bites sur Ma teub\" \/>\n<meta property=\"og:description\" content=\"Des jeunes mecs de 18 \/ 19 ans tournent leur premi\u00e8res vid\u00e9os porno gay. Ils enfilent une capote r\u00e9sistante mais fine \u00e0 la fraise d\u00e9gainent le gel et s&rsquo;introduisent dans le cul de leur partenaire ! Ils savent d\u00e9j\u00e0 y faire les petits coquins ! Ils sont d\u00e9j\u00e0 tr\u00e8s dou\u00e9 et aiment le sexe. Des &hellip; Continuer la lecture \u00ab\u00a018 \/19 ans\u00a0\u00bb\" \/>\n<meta property=\"og:url\" content=\"http:\/\/www.mateub.com\/le-blog-des-grosses-bites\/video-porno-gay-18-19-ans\/\" \/>\n<meta property=\"og:site_name\" content=\"Le blog photos des grosses bites sur Ma teub\" \/>\n<meta property=\"article:modified_time\" content=\"2018-11-14T18:42:13+00:00\" \/>\n<meta name=\"twitter:card\" content=\"summary_large_image\" \/>\n<script type=\"application\/ld+json\" class=\"yoast-schema-graph\">{\"@context\":\"https:\\\/\\\/schema.org\",\"@graph\":[{\"@type\":\"WebPage\",\"@id\":\"http:\\\/\\\/www.mateub.com\\\/le-blog-des-grosses-bites\\\/video-porno-gay-18-19-ans\\\/\",\"url\":\"http:\\\/\\\/www.mateub.com\\\/le-blog-des-grosses-bites\\\/video-porno-gay-18-19-ans\\\/\",\"name\":\"18 \\\/19 ans | Le blog photos des grosses bites sur Ma teub\",\"isPartOf\":{\"@id\":\"http:\\\/\\\/www.mateub.com\\\/le-blog-des-grosses-bites\\\/#website\"},\"datePublished\":\"2015-01-17T14:27:21+00:00\",\"dateModified\":\"2018-11-14T18:42:13+00:00\",\"breadcrumb\":{\"@id\":\"http:\\\/\\\/www.mateub.com\\\/le-blog-des-grosses-bites\\\/video-porno-gay-18-19-ans\\\/#breadcrumb\"},\"inLanguage\":\"fr-FR\",\"potentialAction\":[{\"@type\":\"ReadAction\",\"target\":[\"http:\\\/\\\/www.mateub.com\\\/le-blog-des-grosses-bites\\\/video-porno-gay-18-19-ans\\\/\"]}]},{\"@type\":\"BreadcrumbList\",\"@id\":\"http:\\\/\\\/www.mateub.com\\\/le-blog-des-grosses-bites\\\/video-porno-gay-18-19-ans\\\/#breadcrumb\",\"itemListElement\":[{\"@type\":\"ListItem\",\"position\":1,\"name\":\"Accueil\",\"item\":\"http:\\\/\\\/www.mateub.com\\\/le-blog-des-grosses-bites\\\/\"},{\"@type\":\"ListItem\",\"position\":2,\"name\":\"18 \\\/19 ans\"}]},{\"@type\":\"WebSite\",\"@id\":\"http:\\\/\\\/www.mateub.com\\\/le-blog-des-grosses-bites\\\/#website\",\"url\":\"http:\\\/\\\/www.mateub.com\\\/le-blog-des-grosses-bites\\\/\",\"name\":\"Le blog photos des grosses bites sur Ma teub\",\"description\":\"Des gars nus sans complexes et sans pudeurs qui posent \u00e0 poils devant des photographes, la teub au repos ou en \u00e9rection\",\"potentialAction\":[{\"@type\":\"SearchAction\",\"target\":{\"@type\":\"EntryPoint\",\"urlTemplate\":\"http:\\\/\\\/www.mateub.com\\\/le-blog-des-grosses-bites\\\/?s={search_term_string}\"},\"query-input\":{\"@type\":\"PropertyValueSpecification\",\"valueRequired\":true,\"valueName\":\"search_term_string\"}}],\"inLanguage\":\"fr-FR\"}]}<\/script>\n<!-- \/ Yoast SEO plugin. -->","yoast_head_json":{"title":"18 \/19 ans | Le blog photos des grosses bites sur Ma teub","robots":{"index":"index","follow":"follow","max-snippet":"max-snippet:-1","max-image-preview":"max-image-preview:large","max-video-preview":"max-video-preview:-1"},"canonical":"http:\/\/www.mateub.com\/le-blog-des-grosses-bites\/video-porno-gay-18-19-ans\/","og_locale":"fr_FR","og_type":"article","og_title":"18 \/19 ans | Le blog photos des grosses bites sur Ma teub","og_description":"Des jeunes mecs de 18 \/ 19 ans tournent leur premi\u00e8res vid\u00e9os porno gay. Ils enfilent une capote r\u00e9sistante mais fine \u00e0 la fraise d\u00e9gainent le gel et s&rsquo;introduisent dans le cul de leur partenaire ! Ils savent d\u00e9j\u00e0 y faire les petits coquins ! Ils sont d\u00e9j\u00e0 tr\u00e8s dou\u00e9 et aiment le sexe. Des &hellip; Continuer la lecture \u00ab\u00a018 \/19 ans\u00a0\u00bb","og_url":"http:\/\/www.mateub.com\/le-blog-des-grosses-bites\/video-porno-gay-18-19-ans\/","og_site_name":"Le blog photos des grosses bites sur Ma teub","article_modified_time":"2018-11-14T18:42:13+00:00","twitter_card":"summary_large_image","schema":{"@context":"https:\/\/schema.org","@graph":[{"@type":"WebPage","@id":"http:\/\/www.mateub.com\/le-blog-des-grosses-bites\/video-porno-gay-18-19-ans\/","url":"http:\/\/www.mateub.com\/le-blog-des-grosses-bites\/video-porno-gay-18-19-ans\/","name":"18 \/19 ans | Le blog photos des grosses bites sur Ma teub","isPartOf":{"@id":"http:\/\/www.mateub.com\/le-blog-des-grosses-bites\/#website"},"datePublished":"2015-01-17T14:27:21+00:00","dateModified":"2018-11-14T18:42:13+00:00","breadcrumb":{"@id":"http:\/\/www.mateub.com\/le-blog-des-grosses-bites\/video-porno-gay-18-19-ans\/#breadcrumb"},"inLanguage":"fr-FR","potentialAction":[{"@type":"ReadAction","target":["http:\/\/www.mateub.com\/le-blog-des-grosses-bites\/video-porno-gay-18-19-ans\/"]}]},{"@type":"BreadcrumbList","@id":"http:\/\/www.mateub.com\/le-blog-des-grosses-bites\/video-porno-gay-18-19-ans\/#breadcrumb","itemListElement":[{"@type":"ListItem","position":1,"name":"Accueil","item":"http:\/\/www.mateub.com\/le-blog-des-grosses-bites\/"},{"@type":"ListItem","position":2,"name":"18 \/19 ans"}]},{"@type":"WebSite","@id":"http:\/\/www.mateub.com\/le-blog-des-grosses-bites\/#website","url":"http:\/\/www.mateub.com\/le-blog-des-grosses-bites\/","name":"Le blog photos des grosses bites sur Ma teub","description":"Des gars nus sans complexes et sans pudeurs qui posent \u00e0 poils devant des photographes, la teub au repos ou en \u00e9rection","potentialAction":[{"@type":"SearchAction","target":{"@type":"EntryPoint","urlTemplate":"http:\/\/www.mateub.com\/le-blog-des-grosses-bites\/?s={search_term_string}"},"query-input":{"@type":"PropertyValueSpecification","valueRequired":true,"valueName":"search_term_string"}}],"inLanguage":"fr-FR"}]}},"_links":{"self":[{"href":"http:\/\/www.mateub.com\/le-blog-des-grosses-bites\/wp-json\/wp\/v2\/pages\/2920","targetHints":{"allow":["GET"]}}],"collection":[{"href":"http:\/\/www.mateub.com\/le-blog-des-grosses-bites\/wp-json\/wp\/v2\/pages"}],"about":[{"href":"http:\/\/www.mateub.com\/le-blog-des-grosses-bites\/wp-json\/wp\/v2\/types\/page"}],"author":[{"embeddable":true,"href":"http:\/\/www.mateub.com\/le-blog-des-grosses-bites\/wp-json\/wp\/v2\/users\/4"}],"replies":[{"embeddable":true,"href":"http:\/\/www.mateub.com\/le-blog-des-grosses-bites\/wp-json\/wp\/v2\/comments?post=2920"}],"version-history":[{"count":2,"href":"http:\/\/www.mateub.com\/le-blog-des-grosses-bites\/wp-json\/wp\/v2\/pages\/2920\/revisions"}],"predecessor-version":[{"id":6990,"href":"http:\/\/www.mateub.com\/le-blog-des-grosses-bites\/wp-json\/wp\/v2\/pages\/2920\/revisions\/6990"}],"wp:attachment":[{"href":"http:\/\/www.mateub.com\/le-blog-des-grosses-bites\/wp-json\/wp\/v2\/media?parent=2920"}],"curies":[{"name":"wp","href":"https:\/\/api.w.org\/{rel}","templated":true}]}}